{"id":393,"date":"2022-06-14T16:45:05","date_gmt":"2022-06-14T14:45:05","guid":{"rendered":"http:\/\/jungaparc.fr\/index.php\/le-parc\/"},"modified":"2026-04-15T13:14:20","modified_gmt":"2026-04-15T11:14:20","slug":"le-parc","status":"publish","type":"page","link":"http:\/\/jungaparc.fr\/index.php\/le-parc\/","title":{"rendered":"Le parc"},"content":{"rendered":"\n    \n    <section class=\"u-clearfix u-section-2\" id=\"carousel_c03a\">\n      <div class=\"u-clearfix u-sheet u-sheet-1\">\n        <div class=\"u-clearfix u-expanded-width u-gutter-0 u-layout-wrap u-layout-wrap-1\">\n          <div class=\"u-layout\">\n            <div class=\"u-layout-col\">\n              <div class=\"u-size-20\">\n                <div class=\"u-layout-row\">\n                  <div class=\"u-container-style u-image u-layout-cell u-size-40 u-image-1\" data-image-width=\"1600\" data-image-height=\"1200\" style=\"background-image: url(&quot;http:\/\/jungaparc.fr\/wp-content\/uploads\/2022\/06\/IMG_18551-4.jpg&quot;);\">\n                    <div class=\"u-container-layout u-container-layout-1\"><\/div>\n                  <\/div>\n                  <div class=\"u-container-style u-image u-layout-cell u-size-20 u-image-2\" data-image-width=\"1920\" data-image-height=\"990\" style=\"background-image: url(&quot;http:\/\/jungaparc.fr\/wp-content\/uploads\/2026\/04\/received_922628505372009.jpeg&quot;);\">\n                    <div class=\"u-container-layout u-container-layout-2\"><\/div>\n                  <\/div>\n                <\/div>\n              <\/div>\n              <div class=\"u-size-40\">\n                <div class=\"u-layout-row\">\n                  <div class=\"u-size-20 u-size-60-md\">\n                    <div class=\"u-layout-col\">\n                      <div class=\"u-container-style u-image u-layout-cell u-size-60 u-image-3\" data-image-width=\"2000\" data-image-height=\"1500\" style=\"background-image: url(&quot;http:\/\/jungaparc.fr\/wp-content\/uploads\/2026\/04\/20221215_120415.jpg&quot;);\">\n                        <div class=\"u-container-layout u-container-layout-3\"><\/div>\n                      <\/div>\n                    <\/div>\n                  <\/div>\n                  <div class=\"u-size-40 u-size-60-md\">\n                    <div class=\"u-layout-col\">\n                      <div class=\"u-size-30\">\n                        <div class=\"u-layout-row\">\n                          <div class=\"u-align-center u-container-style u-layout-cell u-size-40 u-layout-cell-4\">\n                            <div class=\"u-container-layout u-valign-middle-sm u-valign-middle-xs u-container-layout-4\">\n                              <h1 class=\"u-text u-text-1\">+ de 800 M\u00b2 de divertissement&nbsp;<\/h1>\n                            <\/div>\n                          <\/div>\n                          <div class=\"u-container-style u-image u-layout-cell u-size-20 u-image-4\" data-image-width=\"1284\" data-image-height=\"1712\" style=\"background-image: url(&quot;http:\/\/jungaparc.fr\/wp-content\/uploads\/2026\/04\/1000052324.jpg&quot;);\">\n                            <div class=\"u-container-layout u-container-layout-5\"><\/div>\n                          <\/div>\n                        <\/div>\n                      <\/div>\n                      <div class=\"u-size-30\">\n                        <div class=\"u-layout-row\">\n                          <div class=\"u-container-style u-layout-cell u-size-60 u-layout-cell-6\">\n                            <div class=\"u-container-layout u-container-layout-6\"><\/div>\n                          <\/div>\n                        <\/div>\n                      <\/div>\n                    <\/div>\n                  <\/div>\n                <\/div>\n              <\/div>\n            <\/div>\n          <\/div>\n        <\/div><span class=\"u-file-icon u-icon u-icon-1\"><img decoding=\"async\" src=\"http:\/\/jungaparc.fr\/wp-content\/uploads\/2022\/06\/2219796-4.png\" alt=\"\"><\/span>\n        <p class=\"u-align-center-xl u-align-left-lg u-align-left-md u-align-left-sm u-align-left-xs u-text u-text-default-xl u-text-2\">Les <span style=\"font-weight: 700;\" class=\"u-text-custom-color-1\">tout-petits<\/span> aussi ont leur espace avec des \u00e9quipements rien que pour eux<br>\n        <\/p>\n        <p class=\"u-align-justify u-text u-text-3\">On ne s'ennuie jamais chez Junga Parc! Au del\u00e0 de ses nombreuses structures \u00e0 arpenter, profitez des <span style=\"font-weight: 700;\" class=\"u-text-custom-color-1\">trampolines<\/span>, d'une grande piste \u00e0 <span class=\"u-text-custom-color-1\" style=\"font-weight: 700;\">glissade<\/span>, d'une piste pour <span style=\"font-weight: 700;\" class=\"u-text-custom-color-1\">mini v\u00e9hicules \u00e9l\u00e9ctriques<\/span>, allez danser dans la <span style=\"font-weight: 700;\" class=\"u-text-custom-color-1\">mini disco<\/span>, ou vous amuser au coin des <span class=\"u-text-custom-color-1\" style=\"font-weight: 700;\">jeux d'arcade<\/span>.<br>\n        <\/p><span class=\"u-file-icon u-hidden-sm u-icon u-icon-2\"><img decoding=\"async\" src=\"http:\/\/jungaparc.fr\/wp-content\/uploads\/2022\/06\/895571-4.png\" alt=\"\"><\/span><span class=\"u-file-icon u-icon u-icon-3\"><img decoding=\"async\" src=\"http:\/\/jungaparc.fr\/wp-content\/uploads\/2022\/06\/1037793-4.png\" alt=\"\"><\/span>\n        <p class=\"u-align-justify u-text u-text-4\">Pour reprendre des forces, venez vous d\u00e9salt\u00e9rer et vous restaurer au <span style=\"font-weight: 700;\" class=\"u-text-custom-color-1\">\"Jungle bar\"<\/span>, sodas, boissons chaudes, cr\u00eapes, glaces, paninis... Il y en a pour tous les go\u00fbts! \n        <\/p>\n      <\/div>\n    <\/section>\n    <section class=\"u-align-center u-clearfix u-section-3\" id=\"sec-7ec9\">\n      <div class=\"u-clearfix u-sheet u-sheet-1\">\n        <div class=\"u-clearfix u-expanded-width u-gutter-10 u-layout-wrap u-layout-wrap-1\">\n          <div class=\"u-gutter-0 u-layout\">\n            <div class=\"u-layout-row\">\n              <div class=\"u-size-30 u-size-60-md\">\n                <div class=\"u-layout-col\">\n                  <div class=\"u-container-style u-image u-layout-cell u-left-cell u-size-40 u-image-1\" src=\"\" data-image-width=\"960\" data-image-height=\"720\" style=\"background-image: url(&quot;http:\/\/jungaparc.fr\/wp-content\/uploads\/2022\/06\/287564781_744791773612212_6769524754311806113_n-4.jpeg&quot;);\">\n                    <div class=\"u-container-layout u-valign-middle u-container-layout-1\"><\/div>\n                  <\/div>\n                  <div class=\"u-container-style u-image u-layout-cell u-left-cell u-size-20 u-image-2\" src=\"\" data-image-width=\"960\" data-image-height=\"720\" style=\"background-image: url(&quot;http:\/\/jungaparc.fr\/wp-content\/uploads\/2022\/06\/286955889_744791786945544_3751837874636014318_n-4.jpeg&quot;);\">\n                    <div class=\"u-container-layout u-valign-middle u-container-layout-2\"><\/div>\n                  <\/div>\n                <\/div>\n              <\/div>\n              <div class=\"u-size-30 u-size-60-md\">\n                <div class=\"u-layout-col\">\n                  <div class=\"u-container-style u-image u-layout-cell u-right-cell u-size-20 u-image-3\" src=\"\" data-image-width=\"1200\" data-image-height=\"1600\" style=\"background-image: url(&quot;http:\/\/jungaparc.fr\/wp-content\/uploads\/2022\/06\/278430701_706928537398536_8278510380119928059_n-4.jpeg&quot;);\">\n                    <div class=\"u-container-layout u-valign-middle u-container-layout-3\"><\/div>\n                  <\/div>\n                  <div class=\"u-align-left u-container-style u-image u-layout-cell u-right-cell u-shading u-size-40 u-image-4\" src=\"\" data-image-width=\"720\" data-image-height=\"960\" style=\"background-image: linear-gradient(0deg, rgba(0, 0, 0, 0.4), rgba(0, 0, 0, 0.4)), url(&quot;http:\/\/jungaparc.fr\/wp-content\/uploads\/2022\/06\/287149372_744791710278885_1328979568935932531_n-4.jpeg&quot;);\">\n                    <div class=\"u-container-layout u-container-layout-4\">\n                      <h2 class=\"u-align-center u-text u-text-1\">Int\u00e9rieur &amp; Ext\u00e9rieur<\/h2>\n                      <p class=\"u-align-center u-text u-text-2\">D\u00e8s l'arriv\u00e9e des beaux jours, profitez \u00e9galement d'un bel espace ext\u00e9rieur!<\/p>\n                    <\/div>\n                  <\/div>\n                <\/div>\n              <\/div>\n            <\/div>\n          <\/div>\n        <\/div>\n      <\/div>\n    <\/section>\n    \n    \n  \n","protected":false},"excerpt":{"rendered":"<p>+ de 800 M\u00b2 de divertissement&nbsp; Les tout-petits aussi ont leur espace avec des \u00e9quipements rien que pour eux On ne s&#8217;ennuie jamais chez Junga Parc! Au del\u00e0 de ses nombreuses structures \u00e0 arpenter, profitez des trampolines, d&#8217;une grande piste \u00e0 glissade, d&#8217;une piste pour mini v\u00e9hicules \u00e9l\u00e9ctriques, allez danser dans la mini disco, ou &hellip; <a href=\"http:\/\/jungaparc.fr\/index.php\/le-parc\/\" class=\"more-link\">Continue reading<span class=\"screen-reader-text\"> &#8220;Le parc&#8221;<\/span><\/a><\/p>\n","protected":false},"author":1,"featured_media":0,"parent":0,"menu_order":6,"comment_status":"closed","ping_status":"closed","template":"","meta":{"footnotes":""},"class_list":["post-393","page","type-page","status-publish","hentry"],"_links":{"self":[{"href":"http:\/\/jungaparc.fr\/index.php\/wp-json\/wp\/v2\/pages\/393","targetHints":{"allow":["GET"]}}],"collection":[{"href":"http:\/\/jungaparc.fr\/index.php\/wp-json\/wp\/v2\/pages"}],"about":[{"href":"http:\/\/jungaparc.fr\/index.php\/wp-json\/wp\/v2\/types\/page"}],"author":[{"embeddable":true,"href":"http:\/\/jungaparc.fr\/index.php\/wp-json\/wp\/v2\/users\/1"}],"replies":[{"embeddable":true,"href":"http:\/\/jungaparc.fr\/index.php\/wp-json\/wp\/v2\/comments?post=393"}],"version-history":[{"count":2,"href":"http:\/\/jungaparc.fr\/index.php\/wp-json\/wp\/v2\/pages\/393\/revisions"}],"predecessor-version":[{"id":446,"href":"http:\/\/jungaparc.fr\/index.php\/wp-json\/wp\/v2\/pages\/393\/revisions\/446"}],"wp:attachment":[{"href":"http:\/\/jungaparc.fr\/index.php\/wp-json\/wp\/v2\/media?parent=393"}],"curies":[{"name":"wp","href":"https:\/\/api.w.org\/{rel}","templated":true}]}}